{"id":30,"date":"2008-04-18T06:36:16","date_gmt":"2008-04-18T05:36:16","guid":{"rendered":"http:\/\/www.mc-demmin.de\/blog\/?page_id=30"},"modified":"2025-02-12T20:47:29","modified_gmt":"2025-02-12T19:47:29","slug":"anfahrt-und-offnungszeiten","status":"publish","type":"page","link":"https:\/\/www.mc-demmin.de\/wp\/?page_id=30","title":{"rendered":"Anfahrt und \u00d6ffnungszeiten"},"content":{"rendered":"\n<p>Die Crossbahn befindet sich am Ortsausgang Demmin Richtung Stavenhagen hinter &#8222;Metallbau-Radloff&#8220;. (Navi: Demmin, Klenzer Weg 1)<\/p>\n\n\n\n<p><strong>Trainingszeiten<\/strong><br><\/p>\n\n\n\n<p>Mittwoch von 09.00 &#8211; 12.00 und 15.00 &#8211; 19.00 Uhr<\/p>\n\n\n\n<p>Freitag von 09.00 &#8211; 12.00 und 15.00 &#8211; 18.00 Uhr<\/p>\n\n\n\n<p>SA von 09.00 &#8211; 13.00 <br><\/p>\n\n\n\n<p>An Feiertagen herrscht Fahrverbot.<\/p>\n\n\n\n<p><\/p>\n\n\n\n<p><strong>G\u00e4ste: <\/strong><br> Gastfahrer k\u00f6nnen im Prinzip immer zu unseren <br>\u00d6ffnungszeiten trainieren kommen. Schaut unter <br>\u201eAnfahrt &amp; \u00d6ffnungszeiten\u201c. Ruft bitte mind. einen Tag <br>vorher folgende Nummer an: 01525-2668102. Wir schauen <br>dann, ob Jemand aus dem Verein vor Ort ist, der Euch <br>betreuen kann. Mittwoch-Nachmittag und Samstag f\u00e4hrt eigentlich immer Jemand. <br><\/p>\n\n\n\n<p>Trainingsgeb\u00fchr -> 50-65 ccm = 0 EUR, 85 ccm = 10 EUR, Rest = 20 EUR.<\/p>\n\n\n\n<p><\/p>\n\n\n\n<p><\/p>\n","protected":false},"excerpt":{"rendered":"<p>Die Crossbahn befindet sich am Ortsausgang Demmin Richtung Stavenhagen hinter &#8222;Metallbau-Radloff&#8220;. (Navi: Demmin, Klenzer Weg 1) Trainingszeiten Mittwoch von 09.00 &#8211; 12.00 und 15.00 &#8211; 19.00 Uhr Freitag von 09.00 &#8211; 12.00 und 15.00 &#8211; 18.00 Uhr SA von 09.00 &#8211; 13.00 An Feiertagen herrscht Fahrverbot. G\u00e4ste: Gastfahrer k\u00f6nnen im Prinzip immer zu unseren \u00d6ffnungszeiten [&hellip;]<\/p>\n","protected":false},"author":4,"featured_media":0,"parent":0,"menu_order":2,"comment_status":"closed","ping_status":"open","template":"","meta":{"footnotes":""},"class_list":["post-30","page","type-page","status-publish","hentry"],"_links":{"self":[{"href":"https:\/\/www.mc-demmin.de\/wp\/index.php?rest_route=\/wp\/v2\/pages\/30","targetHints":{"allow":["GET"]}}],"collection":[{"href":"https:\/\/www.mc-demmin.de\/wp\/index.php?rest_route=\/wp\/v2\/pages"}],"about":[{"href":"https:\/\/www.mc-demmin.de\/wp\/index.php?rest_route=\/wp\/v2\/types\/page"}],"author":[{"embeddable":true,"href":"https:\/\/www.mc-demmin.de\/wp\/index.php?rest_route=\/wp\/v2\/users\/4"}],"replies":[{"embeddable":true,"href":"https:\/\/www.mc-demmin.de\/wp\/index.php?rest_route=%2Fwp%2Fv2%2Fcomments&post=30"}],"version-history":[{"count":46,"href":"https:\/\/www.mc-demmin.de\/wp\/index.php?rest_route=\/wp\/v2\/pages\/30\/revisions"}],"predecessor-version":[{"id":1552,"href":"https:\/\/www.mc-demmin.de\/wp\/index.php?rest_route=\/wp\/v2\/pages\/30\/revisions\/1552"}],"wp:attachment":[{"href":"https:\/\/www.mc-demmin.de\/wp\/index.php?rest_route=%2Fwp%2Fv2%2Fmedia&parent=30"}],"curies":[{"name":"wp","href":"https:\/\/api.w.org\/{rel}","templated":true}]}}