{"id":123,"date":"2008-04-19T09:17:58","date_gmt":"2008-04-19T08:17:58","guid":{"rendered":"http:\/\/www.mc-demmin.de\/blog\/?page_id=123"},"modified":"2012-09-01T21:38:02","modified_gmt":"2012-09-01T20:38:02","slug":"ddr-archiv","status":"publish","type":"page","link":"https:\/\/www.mc-demmin.de\/wp\/?page_id=123","title":{"rendered":"Zeitungs-Archiv"},"content":{"rendered":"<p><span style=\"font-family: Arial,Helvetica,Geneva,Sans-serif,sans-serif;\">Wir haben ein wenig in den Archiven des Landkreises gest\u00f6bert und einige Artikel aus vergangenen Zeiten gefunden. Als in Demmin noch internationale L\u00e4ufe waren &#8230;<\/span><\/p>\n<p><strong><span style=\"font-family: Arial,Helvetica,Geneva,Sans-serif,sans-serif;\">1962 (Endl\u00e4ufe Deutsche Meisterschaft) <\/span><\/strong><\/p>\n<p><a href=\"http:\/\/www.mc-demmin.de\/1962_01.PDF\" target=\"Haupttext\"><span style=\"font-family: Arial,Helvetica,Geneva,Sans-serif,sans-serif;\">Vorwerk wird ber\u00fchmt<\/span><\/a><span style=\"font-family: Arial,Helvetica,Geneva,Sans-serif,sans-serif;\">(385 kb) <img loading=\"lazy\" decoding=\"async\" id=\"Bild23\" src=\"http:\/\/www.mc-demmin.de\/assets\/images\/pdf.gif\" alt=\"\" width=\"20\" height=\"19\" align=\"top\" border=\"0\" hspace=\"0\" vspace=\"0\" \/><\/span><\/p>\n<p><strong><span style=\"font-family: Arial,Helvetica,Geneva,Sans-serif,sans-serif;\">1963<\/span><\/strong><\/p>\n<p><a href=\"http:\/\/www.mc-demmin.de\/1963_01.PDF\" target=\"Haupttext\"><span style=\"font-family: Arial,Helvetica,Geneva,Sans-serif,sans-serif;\">Lorbeeren des Sieges<\/span><\/a> (326 kb) <img loading=\"lazy\" decoding=\"async\" id=\"Bild24\" src=\"http:\/\/www.mc-demmin.de\/assets\/images\/pdf.gif\" alt=\"\" width=\"20\" height=\"19\" align=\"top\" border=\"0\" hspace=\"0\" vspace=\"0\" \/><\/p>\n<p><strong><span style=\"font-family: Arial,Helvetica,Geneva,Sans-serif,sans-serif;\">1964 (Endl\u00e4ufe Deutsche Meisterschaft)<\/span><\/strong><img decoding=\"async\" style=\"float: right;\" src=\"http:\/\/www.mc-demmin.de\/blog\/wp-content\/uploads\/2008\/04\/cross64.jpg\" alt=\"\" \/><\/p>\n<p><a href=\"http:\/\/www.mc-demmin.de\/1964_01.PDF\" target=\"Haupttext\"><span style=\"font-family: Arial,Helvetica,Geneva,Sans-serif,sans-serif;\">Start am Hochwald<\/span><\/a> (304 kb) <img loading=\"lazy\" decoding=\"async\" id=\"Bild25\" src=\"http:\/\/www.mc-demmin.de\/assets\/images\/pdf.gif\" alt=\"\" width=\"20\" height=\"19\" align=\"top\" border=\"0\" hspace=\"0\" vspace=\"0\" \/><\/p>\n<p><a href=\"http:\/\/www.mc-demmin.de\/1964_02.PDF\" target=\"Haupttext\"><span style=\"font-family: Arial,Helvetica,Geneva,Sans-serif,sans-serif;\">Um Siegeslorbeer<\/span><\/a> (256 kb) <img loading=\"lazy\" decoding=\"async\" id=\"Bild26\" src=\"http:\/\/www.mc-demmin.de\/assets\/images\/pdf.gif\" alt=\"\" width=\"20\" height=\"19\" align=\"top\" border=\"0\" hspace=\"0\" vspace=\"0\" \/><\/p>\n<p><a href=\"http:\/\/www.mc-demmin.de\/1964_03.PDF\" target=\"Haupttext\"><span style=\"font-family: Arial,Helvetica,Geneva,Sans-serif,sans-serif;\">Wer wird Deutscher Meister<\/span><\/a> (265 kb) <img loading=\"lazy\" decoding=\"async\" id=\"Bild27\" src=\"http:\/\/www.mc-demmin.de\/assets\/images\/pdf.gif\" alt=\"\" width=\"20\" height=\"19\" align=\"top\" border=\"0\" hspace=\"0\" vspace=\"0\" \/><\/p>\n<p><a href=\"http:\/\/www.mc-demmin.de\/bilder\/1964cross\/1964cross1.html\" target=\"_blank\"><span style=\"font-family: Arial,Helvetica,Geneva,Sans-serif,sans-serif;\">Bilder aus 1964 hier<\/span><\/a><\/p>\n<p><strong><span style=\"font-family: Arial,Helvetica,Geneva,Sans-serif,sans-serif;\">1965 (internationale L\u00e4ufe)<\/span><\/strong><img decoding=\"async\" style=\"float: right;\" src=\"http:\/\/www.mc-demmin.de\/blog\/wp-content\/uploads\/2008\/04\/cross65.jpg\" alt=\"\" \/><\/p>\n<p><a href=\"http:\/\/www.mc-demmin.de\/1965_01.PDF\" target=\"Haupttext\"><span style=\"font-family: Arial,Helvetica,Geneva,Sans-serif,sans-serif;\">Crosstraining<\/span><\/a> (175 kb) <img loading=\"lazy\" decoding=\"async\" id=\"Bild28\" src=\"http:\/\/www.mc-demmin.de\/assets\/images\/pdf.gif\" alt=\"\" width=\"20\" height=\"19\" align=\"top\" border=\"0\" hspace=\"0\" vspace=\"0\" \/><\/p>\n<p><a href=\"http:\/\/www.mc-demmin.de\/1965_02.PDF\" target=\"Haupttext\"><span style=\"font-family: Arial,Helvetica,Geneva,Sans-serif,sans-serif;\">Internationales Moto-Cross Demmin<\/span><\/a> (380 kb) <img loading=\"lazy\" decoding=\"async\" id=\"Bild30\" src=\"http:\/\/www.mc-demmin.de\/assets\/images\/pdf.gif\" alt=\"\" width=\"20\" height=\"19\" align=\"top\" border=\"0\" hspace=\"0\" vspace=\"0\" \/><\/p>\n<p><a href=\"http:\/\/www.mc-demmin.de\/1965_03.PDF\" target=\"Haupttext\"><span style=\"font-family: Arial,Helvetica,Geneva,Sans-serif,sans-serif;\">7000 Zuschauer<\/span><\/a> (316 kb)<img loading=\"lazy\" decoding=\"async\" id=\"Bild29\" src=\"http:\/\/www.mc-demmin.de\/assets\/images\/pdf.gif\" alt=\"\" width=\"20\" height=\"19\" align=\"top\" border=\"0\" hspace=\"0\" vspace=\"0\" \/><\/p>\n<p><a href=\"http:\/\/www.mc-demmin.de\/bilder\/1965cross\/1965cross1.html\" target=\"_blank\"><span style=\"font-family: Arial,Helvetica,Geneva,Sans-serif,sans-serif;\">Bilder aus 1965 hier<\/span><\/a><\/p>\n<p><strong><span style=\"font-family: Arial,Helvetica,Geneva,Sans-serif,sans-serif;\">1966 (internationale L\u00e4ufe)<\/span><\/strong><\/p>\n<p><a href=\"http:\/\/www.mc-demmin.de\/1966_01.PDF\" target=\"Haupttext\"><span style=\"font-family: Arial,Helvetica,Geneva,Sans-serif,sans-serif;\">Internationales Moto-Cross Demmin<\/span><\/a> (308 kb) <img loading=\"lazy\" decoding=\"async\" id=\"Bild31\" src=\"http:\/\/www.mc-demmin.de\/assets\/images\/pdf.gif\" alt=\"\" width=\"20\" height=\"19\" align=\"top\" border=\"0\" hspace=\"0\" vspace=\"0\" \/><\/p>\n<p><a href=\"http:\/\/www.mc-demmin.de\/1966_02.PDF\" target=\"Haupttext\"><span style=\"font-family: Arial,Helvetica,Geneva,Sans-serif,sans-serif;\">Cross-Spezialisten der DDR erfolgreich<\/span><\/a> (337 kb) <img loading=\"lazy\" decoding=\"async\" id=\"Bild32\" src=\"http:\/\/www.mc-demmin.de\/assets\/images\/pdf.gif\" alt=\"\" width=\"20\" height=\"19\" align=\"top\" border=\"0\" hspace=\"0\" vspace=\"0\" \/><\/p>\n<p><a href=\"http:\/\/www.mc-demmin.de\/1966_03.PDF\" target=\"Haupttext\"><span style=\"font-family: Arial,Helvetica,Geneva,Sans-serif,sans-serif;\">Wie soll es mit der Crossbahn weitergehen?<\/span><\/a> (250 kb) <img loading=\"lazy\" decoding=\"async\" id=\"Bild33\" src=\"http:\/\/www.mc-demmin.de\/assets\/images\/pdf.gif\" alt=\"\" width=\"20\" height=\"19\" align=\"top\" border=\"0\" hspace=\"0\" vspace=\"0\" \/><\/p>\n<p><strong><span style=\"font-family: arial,helvetica,sans-serif;\">1992 Die Wiederauferstehung der Crossbahn<\/span><\/strong><\/p>\n<p><span style=\"font-family: arial,helvetica,sans-serif;\"><a href=\"http:\/\/www.mc-demmin.de\/19920219.pdf\" target=\"_blank\">Motocrossbahn wird wieder hergerichtet<\/a>. (353 kb)<\/span><\/p>\n<p><span style=\"font-family: arial,helvetica,sans-serif;\"><a href=\"http:\/\/www.mc-demmin.de\/19920225.pdf\" target=\"_blank\">Motocross soll wieder aufleben<\/a> (353 kb)<\/span><\/p>\n<p><span style=\"font-family: arial,helvetica,sans-serif;\"><a href=\"http:\/\/www.mc-demmin.de\/19920315.pdf\" target=\"_blank\">Anfrage zur Crossbahn<\/a> (280 kb)<\/span><\/p>\n<p><span style=\"font-family: arial,helvetica,sans-serif;\"><a href=\"http:\/\/www.mc-demmin.de\/19920226.pdf\" target=\"_blank\">Demminer Jugendliche wollen Cross-Strecke nutzen<\/a> (320 kb)<\/span><\/p>\n<p><span style=\"font-family: arial,helvetica,sans-serif;\"><a href=\"http:\/\/www.mc-demmin.de\/19920313.pdf\" target=\"_blank\">Wiederherstellung der Cross-Bahn in Vorwerk<\/a> (970 kb)<\/span><\/p>\n<p><span style=\"font-family: arial,helvetica,sans-serif;\"><a href=\"http:\/\/www.mc-demmin.de\/19920314.pdf\" target=\"_blank\">Revierf\u00f6rster erkl\u00e4rte sich einverstanden<\/a> (650 kb)<\/span><\/p>\n<p><span style=\"font-family: arial,helvetica,sans-serif;\"><a href=\"http:\/\/www.mc-demmin.de\/19920524.pdf\" target=\"_blank\">Abschlu\u00df der Woche der Verkehrssicherheit<\/a> (500 kb)<\/span><\/p>\n<p><span style=\"font-family: arial,helvetica,sans-serif;\"><a href=\"http:\/\/www.mc-demmin.de\/19920604.pdf\" target=\"_blank\">Moto-Cross-Bahn fast fertig<\/a> (400 kb)<\/span><\/p>\n<p><span style=\"font-family: arial,helvetica,sans-serif;\"><a href=\"http:\/\/www.mc-demmin.de\/19920606.pdf\" target=\"_blank\">Auf der Moto-Cross-Bahn knattern wieder die Motoren<\/a> (1050 kb)<\/span><\/p>\n<p><span style=\"font-family: arial,helvetica,sans-serif;\"><a href=\"http:\/\/www.mc-demmin.de\/19920728.pdf\" target=\"_blank\">Bei Vorwerk donnern wieder die Motoren<\/a> (884 kb)<\/span><\/p>\n<p><span style=\"font-family: arial,helvetica,sans-serif;\"><a href=\"http:\/\/www.mc-demmin.de\/19920730.pdf\" target=\"_blank\">Nachwuchs f\u00fcr den Motocross<\/a> (530 kb)<\/span><\/p>\n<p><span style=\"font-family: arial,helvetica,sans-serif;\"><a href=\"http:\/\/www.mc-demmin.de\/19921003.pdf\" target=\"_blank\">Feuerwehr pr\u00e4sentiert sich an der Crossbahn<\/a> (644 kb)<\/span><\/p>\n<p><span style=\"font-family: arial,helvetica,sans-serif;\"><a href=\"http:\/\/www.mc-demmin.de\/19921004.pdf\" target=\"_blank\">In Vorwerk gab es Auto und Show 92<\/a> (650 kb)<\/span><\/p>\n<p><span style=\"font-family: arial,helvetica,sans-serif;\"><a href=\"http:\/\/www.mc-demmin.de\/19921201.pdf\" target=\"_blank\">Junge Demminer Crossfahrer<\/a> (510 kb)<\/span><\/p>\n<p><span style=\"font-family: arial,helvetica,sans-serif;\"><a href=\"http:\/\/www.mc-demmin.de\/19921212.pdf\" target=\"_blank\">Training auf der Crossbahn<\/a> (520 kb)<\/span><\/p>\n<p><span style=\"font-family: arial,helvetica,sans-serif;\"><a href=\"http:\/\/www.mc-demmin.de\/19921220.pdf\" target=\"_blank\">Er\u00f6ffnung Crossbahn<\/a> (620 kb)<\/span><\/p>\n<p>1993 &#8211; 2007 wird noch eingescannt \ud83d\ude09<\/p>\n<p><strong><span style=\"font-family: arial,helvetica,sans-serif;\">2008<\/span><\/strong><\/p>\n<p><span style=\"font-family: arial,helvetica,sans-serif;\"><a href=\"..\/..\/20080911.pdf\" target=\"_blank\">11.09.08 Bahn f\u00fcr Motorsportevent hergerichtet<\/a> (1100 kb)<\/span><\/p>\n<p><span style=\"font-family: arial,helvetica,sans-serif;\"><a href=\"..\/..\/20080912.pdf\" target=\"_blank\">12.09.08 Eine alte S51 auf Enduro umgebaut<\/a> (1500 kb)<\/span><\/p>\n<p><span style=\"font-family: arial,helvetica,sans-serif;\"><a href=\"http:\/\/www.mc-demmin.de\/20080914.pdf\" target=\"_blank\">12.09.08 Ein Herbst-Motosport-Highlight auf der Demminer Crossbahn<\/a> (1249 kb)<\/span><\/p>\n<p><span style=\"font-family: arial,helvetica,sans-serif;\"><a href=\"http:\/\/www.mc-demmin.de\/20080924.pdf\">24.09.08 Kleine Flitzer lassen Herzen h\u00f6her schlagen<\/a> (1208 kb)<\/span><\/p>\n<p><strong><span style=\"font-family: arial,helvetica,sans-serif;\">2009<\/span><\/strong><\/p>\n<p><span style=\"font-family: arial,helvetica,sans-serif;\"><a href=\"http:\/\/www.mc-demmin.de\/20090818.pdf\" target=\"_blank\">18.08.09 Vorank\u00fcndigung Rennen 2009<\/a> (670 kb)<\/span><\/p>\n<p><span style=\"font-family: arial,helvetica,sans-serif;\"><a href=\"http:\/\/www.mc-demmin.de\/20090911.pdf\" target=\"_blank\">11.09.09 Simson-Team-Wotenick r\u00fcstet zum Mopedrennen<\/a> (401 kb)<\/span><\/p>\n<p><span style=\"font-family: arial,helvetica,sans-serif;\"><a href=\"..\/..\/20090916.pdf\" target=\"_blank\">16.09.09 Feuerwehr und DLRG stellen Streckenposten<\/a> (471 kb)<\/span><\/p>\n<p><span style=\"font-family: arial,helvetica,sans-serif;\"><a href=\"http:\/\/www.mc-demmin.de\/20090929.pdf\" target=\"_blank\">29.09.09 Helm und lange Hose sind Pflicht<\/a> (690 kb)<\/span><\/p>\n<p><span style=\"font-family: arial,helvetica,sans-serif;\"><a href=\"..\/..\/20091026.pdf\" target=\"_blank\">26.10.09 Simson-Kultrennen bricht alle Rekorde<\/a> (647 kb)<\/span><\/p>\n<p><span style=\"font-family: arial,helvetica,sans-serif;\"><a href=\"..\/..\/20091026-2.pdf\" target=\"_blank\">26.10.09 Simson im Kopf<\/a> (650 kb)<\/span><\/p>\n<p><span style=\"font-family: arial,helvetica,sans-serif;\"><a href=\"..\/..\/20091027-1.pdf\" target=\"_blank\">27.10.09 Motocross Spannendes Finale<\/a> (473 kb)<\/span><\/p>\n<p style=\"text-align: left;\"><span style=\"font-family: arial,helvetica,sans-serif;\"><a href=\"20091027-2.pdf\" target=\"_blank\">27.10.09 Mehr geht nicht beim Demminer Mopedrennen<\/a> (640 kb)<\/span><\/p>\n<p style=\"text-align: left;\"><span style=\"font-family: arial,helvetica,sans-serif;\"><a href=\"http:\/\/www.mc-demmin.de\/20091027-3.pdf\" target=\"_blank\">27.10.09 Motocross B\u00fclow und Bomball fahren vorne mit<\/a> (637 kb)<br \/>\n<\/span><\/p>\n<p style=\"text-align: left;\"><span style=\"font-family: arial,helvetica,sans-serif;\"><a href=\"20091028-1.pdf\">28.10.09 &#8222;Federmann&#8220; f\u00e4hrt h\u00e4sslichstes Moped<\/a> (502 kb)<\/span><\/p>\n<p style=\"text-align: left;\"><strong>2010<\/strong><\/p>\n<p style=\"text-align: left;\"><span style=\"font-family: arial,helvetica,sans-serif;\"><a href=\"200100728.pdf\">28.07.10 Hansest\u00e4dter Mopedrennen diesmal getrennt nach Klassen<\/a>(1002 kb)<\/span><\/p>\n<p style=\"text-align: left;\"><span style=\"font-family: arial,helvetica,sans-serif;\"><a href=\"http:\/\/www.mc-demmin.de\/20100916.pdf\" target=\"_blank\">16.09.10 Mopedrennen 166 Fahrer gemeldet<\/a> (402 kb)<\/span><\/p>\n<p style=\"text-align: left;\"><span style=\"font-family: arial,helvetica,sans-serif;\"><a href=\"http:\/\/www.mc-demmin.de\/20100920.pdf\" target=\"_blank\">20.09.10 Kultrennen zieht magisch an<\/a> (730 kb)<\/span><\/p>\n<p style=\"text-align: left;\"><span style=\"font-family: arial,helvetica,sans-serif;\"><a href=\"http:\/\/www.mc-demmin.de\/20100921_1.pdf\" target=\"_blank\">21.09.10 8. Demminer Mopedrennen &#8211; Wohl ist mir erst, wenn es vorbei ist<\/a> (636 kb)<\/span><\/p>\n<p style=\"text-align: left;\"><span style=\"font-family: arial,helvetica,sans-serif;\"><a href=\"http:\/\/www.mc-demmin.de\/20100921_2.pdf\" target=\"_blank\">21.09.10 Titelehren f\u00fcr Jung und Frick<\/a> (426 kb)<\/span><\/p>\n<p style=\"text-align: left;\"><span style=\"font-family: arial,helvetica,sans-serif;\"><a title=\"Zeitung\" href=\"http:\/\/www.mc-demmin.de\/20100921.pdf\" target=\"_blank\">21.09.10 Frank B\u00fclow holt Vize-Meister-Titel<\/a> (1100 kb)<\/span><\/p>\n<p style=\"text-align: left;\"><span style=\"font-family: arial,helvetica,sans-serif;\"><a href=\"http:\/\/www.mc-demmin.de\/20100924.pdf\" target=\"_blank\">24.09.10 Rennen der Klassen sollen bleiben (1025 kb)<\/a><\/span><\/p>\n<p style=\"text-align: left;\"><strong>2011<\/strong><\/p>\n<p style=\"text-align: left;\"><a title=\"Zeitung\" href=\"http:\/\/www.mc-demmin.de\/20110717.pdf\" target=\"_blank\"><span style=\"font-family: arial,helvetica,sans-serif;\">17.07.11 Sonderpokale gefertigt aus Mopedteilen(1590 kb)<\/span><\/a><\/p>\n<p style=\"text-align: left;\"><a title=\"Zeitung\" href=\"http:\/\/www.mc-demmin.de\/20110816.pdf\"><span style=\"font-family: arial,helvetica,sans-serif;\">16.08.11 Planierraupe ebent Piste f\u00fcr Mopeds (456 kb)<\/span><\/a><\/p>\n<p style=\"text-align: left;\"><a title=\"Zeitung\" href=\"http:\/\/www.mc-demmin.de\/20110902.pdf\"><span style=\"font-family: arial,helvetica,sans-serif;\">02.09.11 Der &#8222;Federmann&#8220; ist hei\u00df aufs Rennen (1091 kb)<\/span><\/a><\/p>\n<p style=\"text-align: left;\"><span style=\"font-family: arial,helvetica,sans-serif;\"><a title=\"Zeitung\" href=\"http:\/\/www.mc-demmin.de\/20110905.pdf\">05.09.11 Kleine Flitzer kommen ganz gro\u00df raus<\/a> (30 kb)<\/span><\/p>\n<p style=\"text-align: left;\"><span style=\"font-family: arial,helvetica,sans-serif;\"><a title=\"Zeitung\" href=\"http:\/\/www.mc-demmin.de\/20110910.pdf\">10.09.11 Bei der Premiere 12 Fahrer abgeh\u00e4ngt<\/a> (36 kb)<\/span><\/p>\n<p style=\"text-align: left;\"><a title=\"Zeitung\" href=\"http:\/\/www.mc-demmin.de\/20111214.pdf\"><span style=\"font-family: arial,helvetica,sans-serif;\">14.12.11 &#8222;Rudi&#8220; ist der Beste (903 kb)<\/span><\/a><\/p>\n<p style=\"text-align: left;\"><strong>2012<\/strong><\/p>\n<p style=\"text-align: left;\"><a title=\"Zeitung\" href=\"http:\/\/www.mc-demmin.de\/20120803.pdf\"><span style=\"font-family: arial,helvetica,sans-serif;\">03.08.12 Fr\u00fch \u00fcbt sich der Motocross-Nachwuchs<\/span><\/a> <span style=\"font-family: arial,helvetica,sans-serif;\">(328 kb)<\/span><\/p>\n<p style=\"text-align: left;\"><span style=\"font-family: arial,helvetica,sans-serif;\"><a title=\"Zeitung\" href=\"http:\/\/www.mc-demmin.de\/20120804.pdf\">04.08.12 Demmin sucht im September den ersten Iron-Simson-Man<\/a> (535 kb)<\/span><\/p>\n<p style=\"text-align: left;\"><span style=\"font-family: arial,helvetica,sans-serif;\"><a title=\"Zeitung\" href=\"http:\/\/www.mc-demmin.de\/20120827.pdf\">27.08.12 Gro\u00dfe Show der kleinen Boliden<\/a> (576 kb)<\/span><\/p>\n","protected":false},"excerpt":{"rendered":"<p>Wir haben ein wenig in den Archiven des Landkreises gest\u00f6bert und einige Artikel aus vergangenen Zeiten gefunden. Als in Demmin noch internationale L\u00e4ufe waren &#8230; 1962 (Endl\u00e4ufe Deutsche Meisterschaft) Vorwerk wird ber\u00fchmt(385 kb) 1963 Lorbeeren des Sieges (326 kb) 1964 (Endl\u00e4ufe Deutsche Meisterschaft) Start am Hochwald (304 kb) Um Siegeslorbeer (256 kb) Wer wird Deutscher [&hellip;]<\/p>\n","protected":false},"author":4,"featured_media":0,"parent":0,"menu_order":4,"comment_status":"open","ping_status":"open","template":"","meta":{"footnotes":""},"class_list":["post-123","page","type-page","status-publish","hentry"],"_links":{"self":[{"href":"https:\/\/www.mc-demmin.de\/wp\/index.php?rest_route=\/wp\/v2\/pages\/123","targetHints":{"allow":["GET"]}}],"collection":[{"href":"https:\/\/www.mc-demmin.de\/wp\/index.php?rest_route=\/wp\/v2\/pages"}],"about":[{"href":"https:\/\/www.mc-demmin.de\/wp\/index.php?rest_route=\/wp\/v2\/types\/page"}],"author":[{"embeddable":true,"href":"https:\/\/www.mc-demmin.de\/wp\/index.php?rest_route=\/wp\/v2\/users\/4"}],"replies":[{"embeddable":true,"href":"https:\/\/www.mc-demmin.de\/wp\/index.php?rest_route=%2Fwp%2Fv2%2Fcomments&post=123"}],"version-history":[{"count":37,"href":"https:\/\/www.mc-demmin.de\/wp\/index.php?rest_route=\/wp\/v2\/pages\/123\/revisions"}],"predecessor-version":[{"id":147,"href":"https:\/\/www.mc-demmin.de\/wp\/index.php?rest_route=\/wp\/v2\/pages\/123\/revisions\/147"}],"wp:attachment":[{"href":"https:\/\/www.mc-demmin.de\/wp\/index.php?rest_route=%2Fwp%2Fv2%2Fmedia&parent=123"}],"curies":[{"name":"wp","href":"https:\/\/api.w.org\/{rel}","templated":true}]}}